{"id":119,"date":"2014-12-22T02:26:23","date_gmt":"2014-12-22T00:26:23","guid":{"rendered":"http:\/\/zde.uharek.com\/luh\/?page_id=119"},"modified":"2014-12-22T02:26:23","modified_gmt":"2014-12-22T00:26:23","slug":"um-mich-herum","status":"publish","type":"page","link":"https:\/\/luh.uharek.com\/?page_id=119","title":{"rendered":"Um mich herum"},"content":{"rendered":"<blockquote><p>Die Augen auf das Schlo\u00df gerichtet, ging K. weiter, nichts sonst k\u00fcmmerte ihn. Aber im N\u00e4herkommen entt\u00e4uschte ihn das Schlo\u00df, es war doch nur ein recht elendes St\u00e4dtchen, aus Dorfh\u00e4usern zusammengetragen, ausgezeichnet nur dadurch, da\u00df vielleicht alles aus Stein gebaut war; aber der Anstrich war l\u00e4ngst abgefallen, und der Stein schien abzubr\u00f6ckeln. Fl\u00fcchtig erinnerte sich K. an sein Heimatst\u00e4dtchen; es stand diesem angeblichen Schlosse kaum nach. W\u00e4re es K. nur auf die Besichtigung angekommen, dann w\u00e4re es schade um die lange Wanderschaft gewesen und er h\u00e4tte vern\u00fcnftiger gehandelt, wieder einmal die alte Heimat zu besuchen, wo er schon so lange nicht gewesen war.<\/p>\n<p>(Franz Kafka)<\/p><\/blockquote>\n","protected":false},"excerpt":{"rendered":"<p>Die Augen auf das Schlo\u00df gerichtet, ging K. weiter, nichts sonst k\u00fcmmerte ihn. Aber im N\u00e4herkommen entt\u00e4uschte ihn das Schlo\u00df, es war doch nur ein recht elendes St\u00e4dtchen, aus Dorfh\u00e4usern zusammengetragen, ausgezeichnet nur dadurch, da\u00df vielleicht alles aus Stein gebaut war; aber der Anstrich war&hellip; <a class=\"read-more\" href=\"https:\/\/luh.uharek.com\/?page_id=119\">Read More<\/a><\/p>\n","protected":false},"author":1,"featured_media":0,"parent":0,"menu_order":0,"comment_status":"closed","ping_status":"closed","template":"","meta":[],"_links":{"self":[{"href":"https:\/\/luh.uharek.com\/index.php?rest_route=\/wp\/v2\/pages\/119"}],"collection":[{"href":"https:\/\/luh.uharek.com\/index.php?rest_route=\/wp\/v2\/pages"}],"about":[{"href":"https:\/\/luh.uharek.com\/index.php?rest_route=\/wp\/v2\/types\/page"}],"author":[{"embeddable":true,"href":"https:\/\/luh.uharek.com\/index.php?rest_route=\/wp\/v2\/users\/1"}],"replies":[{"embeddable":true,"href":"https:\/\/luh.uharek.com\/index.php?rest_route=%2Fwp%2Fv2%2Fcomments&post=119"}],"version-history":[{"count":1,"href":"https:\/\/luh.uharek.com\/index.php?rest_route=\/wp\/v2\/pages\/119\/revisions"}],"predecessor-version":[{"id":121,"href":"https:\/\/luh.uharek.com\/index.php?rest_route=\/wp\/v2\/pages\/119\/revisions\/121"}],"wp:attachment":[{"href":"https:\/\/luh.uharek.com\/index.php?rest_route=%2Fwp%2Fv2%2Fmedia&parent=119"}],"curies":[{"name":"wp","href":"https:\/\/api.w.org\/{rel}","templated":true}]}}