{"id":2,"date":"2013-12-23T17:48:08","date_gmt":"2013-12-23T17:48:08","guid":{"rendered":"http:\/\/zde.uharek.com\/luh\/?page_id=2"},"modified":"2019-03-30T19:46:39","modified_gmt":"2019-03-30T17:46:39","slug":"beispiel-seite","status":"publish","type":"page","link":"https:\/\/luh.uharek.com\/?page_id=2","title":{"rendered":"\u00dcber mich"},"content":{"rendered":"<div title=\"Page 2\">\n<div>\n<div>\n<blockquote><p>Frage 17: Gesetzt der Fall, Sie bejahen nicht nur die vorhandene Gesellschaft, sondern sie antworten mit Tr\u00e4nengas, wenn jemand sie in Frage stellt, f\u00fcrchten Sie nicht, dass der Mensch ohne die gro\u00dfe Utopie unweigerlich verdummt, oder f\u00fchlen Sie sich gerade deswegen so postmodern wohl?<br \/>\n<em>(Max Frisch)<\/em><\/p><\/blockquote>\n<\/div>\n<\/div>\n<\/div>\n<p>Was soll ich berichten? Ich bin vor 59 Jahren in Neum\u00fcnster in Holstein geboren worden. Einer Stadt, die heute in den Schlagzeilen steht, weil sie nach Frankfurt die h\u00f6chste Kriminalit\u00e4tsrate hat. Dazu habe ich jedoch nichts beigetragen, denn gleich nach meiner Schulzeit bin ich nach Kiel gezogen, um dort Psychologie und Medizin zu studieren. In Kiel habe ich auch meine Ausbildung als Internist erfahren und \u00a0alle akademischen Initiationsriten \u00fcberstanden, bevor ich meine medizinische Ausbildung in Leipzig fortgesetzt habe.<\/p>\n<p>Meine besondere Leidenschaft lag fr\u00fch im Bereich der Hirnforschung und Psychopathologie. Nachdem mir jedoch klar wurde, dass man damit ein un\u00fcberschaubar komplexes Terrain betritt, das f\u00fcr den Broterwerb nur bedingt geeignet ist, wechselte ich in die Innere Medizin und suchte mir als wissenschaftlichen Schwerpunkt immunologische Fragestellungen aus, die zwar auch komplex, aber \u00fcberschaubarer waren.<\/p>\n<p>Auf angenehm anregende, aber zum Schlu\u00df auch etwas anstrengende Zeiten in Kiel und Leipzig folgte vor 10 Jahren ein Umzug nach Berlin, das schon immer die Stadt meiner Tr\u00e4ume war. Hier war ich f\u00fcr die Transplantation von Stammzellen zust\u00e4ndig, forschte und geno\u00df die Dynamik der Stadt. Eigentlich so, wie ich es mir fr\u00fcher h\u00e4ufig vorgestellt habe. Manchmal aber auch anders. Nach einiger Zeit wurde mir klar, dass die Universit\u00e4t f\u00fcr die Umsetzung meiner Ideen ein zu konservatives und starres Korsett darstellte. So versuche ich jetzt den Sprung in die Freiheit und nehme die Dinge selbst in die Hand. Der Ausgang ist &#8211; wie immer &#8211; ungewiss.<\/p>\n","protected":false},"excerpt":{"rendered":"<p>Frage 17: Gesetzt der Fall, Sie bejahen nicht nur die vorhandene Gesellschaft, sondern sie antworten mit Tr\u00e4nengas, wenn jemand sie in Frage stellt, f\u00fcrchten Sie nicht, dass der Mensch ohne die gro\u00dfe Utopie unweigerlich verdummt, oder f\u00fchlen Sie sich gerade deswegen so postmodern wohl? (Max&hellip; <a class=\"read-more\" href=\"https:\/\/luh.uharek.com\/?page_id=2\">Read More<\/a><\/p>\n","protected":false},"author":1,"featured_media":17,"parent":0,"menu_order":0,"comment_status":"closed","ping_status":"closed","template":"","meta":[],"_links":{"self":[{"href":"https:\/\/luh.uharek.com\/index.php?rest_route=\/wp\/v2\/pages\/2"}],"collection":[{"href":"https:\/\/luh.uharek.com\/index.php?rest_route=\/wp\/v2\/pages"}],"about":[{"href":"https:\/\/luh.uharek.com\/index.php?rest_route=\/wp\/v2\/types\/page"}],"author":[{"embeddable":true,"href":"https:\/\/luh.uharek.com\/index.php?rest_route=\/wp\/v2\/users\/1"}],"replies":[{"embeddable":true,"href":"https:\/\/luh.uharek.com\/index.php?rest_route=%2Fwp%2Fv2%2Fcomments&post=2"}],"version-history":[{"count":13,"href":"https:\/\/luh.uharek.com\/index.php?rest_route=\/wp\/v2\/pages\/2\/revisions"}],"predecessor-version":[{"id":312,"href":"https:\/\/luh.uharek.com\/index.php?rest_route=\/wp\/v2\/pages\/2\/revisions\/312"}],"wp:featuredmedia":[{"embeddable":true,"href":"https:\/\/luh.uharek.com\/index.php?rest_route=\/wp\/v2\/media\/17"}],"wp:attachment":[{"href":"https:\/\/luh.uharek.com\/index.php?rest_route=%2Fwp%2Fv2%2Fmedia&parent=2"}],"curies":[{"name":"wp","href":"https:\/\/api.w.org\/{rel}","templated":true}]}}