{"id":23,"date":"2013-12-23T20:49:29","date_gmt":"2013-12-23T18:49:29","guid":{"rendered":"http:\/\/zde.uharek.com\/luh\/?page_id=23"},"modified":"2022-08-17T22:46:23","modified_gmt":"2022-08-17T20:46:23","slug":"start","status":"publish","type":"page","link":"https:\/\/luh.uharek.com\/","title":{"rendered":"Start"},"content":{"rendered":"<div title=\"Page 2\">\n<div>\n<div>\n<blockquote><p>Heute bringen sie mir dieses Heft voll leerer Bl\u00e4t\u00adter: Ich soll mein Leben niederschreiben! wohl um zu beweisen, da\u00df ich eines habe, ein anderes als das Leben ihres verscholle\u00adnen Herrn Stiller.<\/p>\n<p>\u00bbSie schreiben einfach die Wahrheit\u00ab, sagt mein amtlicher Ver\u00adteidiger, \u00bbnichts als die schlichte und pure Wahrheit. Tinte k\u00f6n\u00adnen Sie jederzeit nachf\u00fcllen lassen!\u00ab<\/p><\/blockquote>\n<\/div>\n<\/div>\n<\/div>\n<p>Mehr \u00fcber die Dinge zu reflektieren, die uns umgeben, kann erhellend sein. Die Sicht auf das Leben durch konzentrierte Gedanken zu sch\u00e4rfen, hilft dabei, die richtigen Entscheidungen zu treffen.<\/p>\n<p>Nat\u00fcrlich bereitet es auch Freude, wenn Spass am Lesen entsteht. Aber im Kern geht es um ein mentales Aufbautraining, haupts\u00e4chlich f\u00fcr meine Person.<\/p>\n<p>Lutz Uharek<\/p>\n","protected":false},"excerpt":{"rendered":"<p>Heute bringen sie mir dieses Heft voll leerer Bl\u00e4t\u00adter: Ich soll mein Leben niederschreiben! wohl um zu beweisen, da\u00df ich eines habe, ein anderes als das Leben ihres verscholle\u00adnen Herrn Stiller. \u00bbSie schreiben einfach die Wahrheit\u00ab, sagt mein amtlicher Ver\u00adteidiger, \u00bbnichts als die schlichte und&hellip; <a class=\"read-more\" href=\"https:\/\/luh.uharek.com\/\">Read More<\/a><\/p>\n","protected":false},"author":1,"featured_media":0,"parent":0,"menu_order":0,"comment_status":"closed","ping_status":"closed","template":"","meta":[],"_links":{"self":[{"href":"https:\/\/luh.uharek.com\/index.php?rest_route=\/wp\/v2\/pages\/23"}],"collection":[{"href":"https:\/\/luh.uharek.com\/index.php?rest_route=\/wp\/v2\/pages"}],"about":[{"href":"https:\/\/luh.uharek.com\/index.php?rest_route=\/wp\/v2\/types\/page"}],"author":[{"embeddable":true,"href":"https:\/\/luh.uharek.com\/index.php?rest_route=\/wp\/v2\/users\/1"}],"replies":[{"embeddable":true,"href":"https:\/\/luh.uharek.com\/index.php?rest_route=%2Fwp%2Fv2%2Fcomments&post=23"}],"version-history":[{"count":5,"href":"https:\/\/luh.uharek.com\/index.php?rest_route=\/wp\/v2\/pages\/23\/revisions"}],"predecessor-version":[{"id":344,"href":"https:\/\/luh.uharek.com\/index.php?rest_route=\/wp\/v2\/pages\/23\/revisions\/344"}],"wp:attachment":[{"href":"https:\/\/luh.uharek.com\/index.php?rest_route=%2Fwp%2Fv2%2Fmedia&parent=23"}],"curies":[{"name":"wp","href":"https:\/\/api.w.org\/{rel}","templated":true}]}}